{"id":426,"date":"2022-11-11T12:44:15","date_gmt":"2022-11-11T12:44:15","guid":{"rendered":"https:\/\/papajfoodtruck.pl\/?page_id=426"},"modified":"2022-11-11T13:03:09","modified_gmt":"2022-11-11T13:03:09","slug":"ciasteczka-cookies","status":"publish","type":"page","link":"https:\/\/papajfoodtruck.pl\/?page_id=426","title":{"rendered":"Ciasteczka Cookies"},"content":{"rendered":"\n\t<section class=\"section\" id=\"section_1809211244\">\n\t\t<div class=\"section-bg fill\" >\n\t\t\t<img loading=\"lazy\" decoding=\"async\" width=\"2133\" height=\"1600\" src=\"https:\/\/papajfoodtruck.pl\/wp-content\/uploads\/2022\/11\/9475673_RetailParkMieszka_Hero_4x3.jpg\" class=\"bg attachment- size-\" alt=\"\" \/>\t\t\t\t\t\t<div class=\"section-bg-overlay absolute fill\"><\/div>\n\t\t\t\n\n\t\t<\/div>\n\n\t\t\n\n\t\t<div class=\"section-content relative\">\n\t\t\t\n\t\t<\/div>\n\n\t\t\n<style>\n#section_1809211244 {\n  padding-top: 50px;\n  padding-bottom: 50px;\n}\n#section_1809211244 .section-bg-overlay {\n  background-color: rgba(0, 0, 0, 0.738);\n}\n#section_1809211244 .section-bg img {\n  object-position: 41% 50%;\n}\n<\/style>\n\t<\/section>\n\t\n<div class=\"row\"  id=\"row-654602309\">\n\n\t<div id=\"col-940513611\" class=\"col medium-11 small-12 large-11\"  >\n\t\t\t\t<div class=\"col-inner\"  >\n\t\t\t\n\t\t\t\n<h2 class=\"p3\"><strong><span class=\"s1\">Polityka plik\u00f3w \u201ccookies\u201d serwisu https:\/\/papajfoodtruck.pl<\/span><\/strong><\/h2>\n<ol class=\"ol1\">\n<li class=\"li3\"><span class=\"s1\">Poprzez piki \u201ccookies\u201d nale\u017cy rozumie\u0107 dane informatyczne przechowywane w urz\u0105dzeniach ko\u0144cowych u\u017cytkownik\u00f3w, przeznaczone do korzystania ze stron internetowych. W szczeg\u00f3lno\u015bci s\u0105 to pliki tekstowe, zawieraj\u0105ce nazw\u0119 strony internetowej, z kt\u00f3rej pochodz\u0105, czas przechowywania ich na urz\u0105dzeniu ko\u0144cowym oraz unikalny numer.<\/span><\/li>\n<li class=\"li3\"><span class=\"s1\">Serwis nie zbiera w spos\u00f3b automatyczny \u017cadnych informacji, z wyj\u0105tkiem informacji zawartych w plikach cookies.<\/span><\/li>\n<li class=\"li3\"><span class=\"s1\">Pliki cookies przeznaczone s\u0105 do korzystania ze stron serwisu. Operator wykorzystuje te pliki do:<\/span><\/li>\n<\/ol>\n<ol class=\"ol2\">\n<li class=\"li3\"><span class=\"s1\">mo\u017cliwo\u015bci logowania i utrzymywania sesji u\u017cytkownika na ka\u017cdej kolejnej stronie serwisu<\/span><\/li>\n<li class=\"li3\"><span class=\"s1\">dopasowania zawarto\u015bci strony internetowej do indywidualnych preferencji u\u017cytkownika, przede wszystkim pliki te rozpoznaj\u0105 jego urz\u0105dzenie, aby zgodnie z jego preferencjami wy\u015bwietli\u0107 stron\u0119<\/span><\/li>\n<li class=\"li3\"><span class=\"s1\">do tworzenia anonimowych statystyk z wy\u0142\u0105czeniem mo\u017cliwo\u015bci identyfikacji u\u017cytkownika. <\/span><\/li>\n<\/ol>\n<p class=\"p4\"><span class=\"s1\">4. Pliki cookies wykorzystywane przez partner\u00f3w operatora strony internetowej, w tym w szczeg\u00f3lno\u015bci u\u017cytkownik\u00f3w strony internetowej, podlegaj\u0105 ich w\u0142asnej polityce prywatno\u015bci. <\/span><\/p>\n<p class=\"p4\"><span class=\"s1\">5. W trosce o bezpiecze\u0144stwo powierzonych nam danych opracowali\u015bmy wewn\u0119trzne procedury i zalecenia, kt\u00f3re maj\u0105 zapobiec udost\u0119pnieniu danych osobom nieupowa\u017cnionym. Kontrolujemy ich wykonywanie i stale sprawdzamy ich zgodno\u015b\u0107 z odpowiednimi aktami prawnymi \u2013 ustaw\u0105 o ochronie danych osobowych, ustaw\u0105 o \u015bwiadczeniu us\u0142ug drog\u0105 elektroniczn\u0105, a tak\u017ce wszelkiego rodzaju aktach wykonawczych i aktach prawa wsp\u00f3lnotowego<\/span><\/p>\n<p class=\"p4\"><span class=\"s1\">6. Standardowo oprogramowanie s\u0142u\u017c\u0105ce do przegl\u0105dania stron internetowych domy\u015blnie dopuszcza umieszczanie plik\u00f3w cookies na urz\u0105dzeniu ko\u0144cowym U\u017cytkownika. Ustawienia te mog\u0105 zosta\u0107 zmienione przez U\u017cytkownika w taki spos\u00f3b, aby blokowa\u0107 automatyczn\u0105 obs\u0142ug\u0119 \u201ccookies\u201d w ustawieniach przegl\u0105darki internetowej b\u0105d\u017a informowa\u0107 o ich ka\u017cdorazowym przes\u0142aniu na urz\u0105dzenia u\u017cytkownika. <\/span><\/p>\n<p class=\"p4\"><span class=\"s1\">7. U\u017cytkownicy Serwisu mog\u0105 dokona\u0107 w ka\u017cdym czasie zmiany ustawie\u0144 dotycz\u0105cych plik\u00f3w cookies. Szczeg\u00f3\u0142owe informacje o mo\u017cliwo\u015bci i sposobach obs\u0142ugi plik\u00f3w cookies dost\u0119pne s\u0105 w ustawieniach oprogramowania (przegl\u0105darki internetowej).<\/span><\/p>\n<p class=\"p4\"><span class=\"s1\"><span class=\"Apple-converted-space\">\u00a0 <\/span>Przyk\u0142adowe opcje edytowania w popularnych przegl\u0105darkach: <\/span><\/p>\n<ul class=\"ul1\">\n<li class=\"li5\"><span class=\"s3\">Mozilla Firefox:<a href=\"http:\/\/www.support.mozilla.org\/pl\/kb\/ciasteczka\"> <span class=\"s4\">www.support.mozilla.org\/pl\/kb\/ciasteczka<\/span><\/a><\/span><\/li>\n<li class=\"li5\"><span class=\"s3\">Internet Explorer:<a href=\"http:\/\/www.support.microsoft.com\/kb\/278835\/pl\"> <span class=\"s4\">www.support.microsoft.com\/kb\/278835\/pl<\/span><\/a><\/span><\/li>\n<li class=\"li5\"><span class=\"s3\">Google Chrome:<br \/><a href=\"http:\/\/www.support.google.com\/chrome\/bin\/answer.py?hl=pl&amp;answer=95647\"><span class=\"s4\">www.support.google.com\/chrome\/bin\/answer.py?hl=pl&amp;answer=95647<\/span><\/a><\/span><\/li>\n<li class=\"li5\"><span class=\"s3\">Safari:<a href=\"http:\/\/www.safari.helpmax.net\/pl\/oszczedzanie-czasu\/blokowanie-zawartosci\/\"> <span class=\"s4\">www.safari.helpmax.net\/pl\/oszczedzanie-czasu\/blokowanie-zawartosci\/<\/span><\/a><\/span><\/li>\n<\/ul>\n<p class=\"p4\"><span class=\"s1\">8. Operator Serwisu informuje, \u017ce zmiany ustawie\u0144 w przegl\u0105darce internetowej u\u017cytkownika mog\u0105 uniemo\u017cliwi\u0107 poprawne dzia\u0142anie Stron Internetowych.<\/span><\/p>\n\t\t<\/div>\n\t\t\t\t\t<\/div>\n\n\t\n<\/div>\n\n\t<section class=\"section\" id=\"section_1880314558\">\n\t\t<div class=\"section-bg fill\" >\n\t\t\t<img loading=\"lazy\" decoding=\"async\" width=\"2000\" height=\"1000\" src=\"https:\/\/papajfoodtruck.pl\/wp-content\/uploads\/2022\/11\/Projekt-bez-tytulu-kopia.png\" class=\"bg attachment- size-\" alt=\"\" \/>\t\t\t\t\t\t\n\t\t\t\n\n\t\t<\/div>\n\n\t\t\n\n\t\t<div class=\"section-content relative\">\n\t\t\t\n<div class=\"row row-collapse align-center\"  id=\"row-543227104\">\n\n\t<div id=\"col-700583935\" class=\"col medium-11 small-11 large-10\"  >\n\t\t\t\t<div class=\"col-inner box-shadow-2\" style=\"background-color:rgb(255,255,255);\" >\n\t\t\t\n\t\t\t\n<div class=\"row row-collapse row-solid\"  id=\"row-2053668143\">\n\n\t<div id=\"col-382869848\" class=\"col custom-footer-cta-border-right medium-12 small-12 large-6\"  >\n\t\t\t\t<div class=\"col-inner text-center\"  >\n\t\t\t\n\t\t\t\n\t<div id=\"text-2246071555\" class=\"text\">\n\t\t\n<h3>SKONTAKTUJ SI\u0118<\/h3>\n<p>Napisz do nas wiadomo\u015b\u0107 albo zadzwo\u0144!<\/p>\n\t\t\n<style>\n#text-2246071555 {\n  text-align: center;\n}\n<\/style>\n\t<\/div>\n\t\n<a class=\"button secondary\" >\n\t\t<span>NAPISZ<\/span>\n\t<i class=\"icon-envelop\" aria-hidden=\"true\"><\/i><\/a>\n\n<a class=\"button secondary is-outline\" >\n\t\t<span>ZADZWO\u0143<\/span>\n\t<i class=\"icon-phone\" aria-hidden=\"true\"><\/i><\/a>\n\n\t\t<\/div>\n\t\t\t\t\n<style>\n#col-382869848 > .col-inner {\n  padding: 40px 40px 40px 40px;\n}\n<\/style>\n\t<\/div>\n\n\t\n\n\t<div id=\"col-1808809757\" class=\"col medium-12 small-12 large-6\"  >\n\t\t\t\t<div class=\"col-inner text-center\"  >\n\t\t\t\n\t\t\t\n\t<div id=\"text-1623213432\" class=\"text\">\n\t\t\n<h3>NASZE SOCIAL MEDIA<\/h3>\n\t\t\n<style>\n#text-1623213432 {\n  text-align: center;\n}\n<\/style>\n\t<\/div>\n\t\n<div class=\"social-icons follow-icons full-width text-center\" style=\"font-size:117%\"><a href=\"https:\/\/www.facebook.com\/papajfoodtruck\" target=\"_blank\" data-label=\"Facebook\" class=\"icon button circle is-outline tooltip facebook\" title=\"\u015aled\u017a na Facebooku\" aria-label=\"\u015aled\u017a na Facebooku\" rel=\"noopener nofollow\"><i class=\"icon-facebook\" aria-hidden=\"true\"><\/i><\/a><a href=\"https:\/\/www.instagram.com\/papajfoodtruck\/\" target=\"_blank\" data-label=\"Instagram\" class=\"icon button circle is-outline tooltip instagram\" title=\"Obserwuj na Instagramie\" aria-label=\"Obserwuj na Instagramie\" rel=\"noopener nofollow\"><i class=\"icon-instagram\" aria-hidden=\"true\"><\/i><\/a><\/div>\n<p>Obserwuj nas i b\u0105d\u017a na bie\u017c\u0105co!<\/p>\n\t\t<\/div>\n\t\t\t\t\n<style>\n#col-1808809757 > .col-inner {\n  padding: 40px 40px 40px 40px;\n}\n<\/style>\n\t<\/div>\n\n\t\n<\/div>\n\t\t<\/div>\n\t\t\t\t\n<style>\n#col-700583935 > .col-inner {\n  margin: -60px 0px 0px 0px;\n}\n<\/style>\n\t<\/div>\n\n\t\n<\/div>\n\t\t<\/div>\n\n\t\t\n<style>\n#section_1880314558 {\n  padding-top: 30px;\n  padding-bottom: 30px;\n}\n<\/style>\n\t<\/section>\n\t\n","protected":false},"excerpt":{"rendered":"","protected":false},"author":3,"featured_media":0,"parent":0,"menu_order":0,"comment_status":"closed","ping_status":"closed","template":"page-transparent-header-light.php","meta":{"footnotes":""},"class_list":["post-426","page","type-page","status-publish","hentry"],"_links":{"self":[{"href":"https:\/\/papajfoodtruck.pl\/index.php?rest_route=\/wp\/v2\/pages\/426","targetHints":{"allow":["GET"]}}],"collection":[{"href":"https:\/\/papajfoodtruck.pl\/index.php?rest_route=\/wp\/v2\/pages"}],"about":[{"href":"https:\/\/papajfoodtruck.pl\/index.php?rest_route=\/wp\/v2\/types\/page"}],"author":[{"embeddable":true,"href":"https:\/\/papajfoodtruck.pl\/index.php?rest_route=\/wp\/v2\/users\/3"}],"replies":[{"embeddable":true,"href":"https:\/\/papajfoodtruck.pl\/index.php?rest_route=%2Fwp%2Fv2%2Fcomments&post=426"}],"version-history":[{"count":5,"href":"https:\/\/papajfoodtruck.pl\/index.php?rest_route=\/wp\/v2\/pages\/426\/revisions"}],"predecessor-version":[{"id":440,"href":"https:\/\/papajfoodtruck.pl\/index.php?rest_route=\/wp\/v2\/pages\/426\/revisions\/440"}],"wp:attachment":[{"href":"https:\/\/papajfoodtruck.pl\/index.php?rest_route=%2Fwp%2Fv2%2Fmedia&parent=426"}],"curies":[{"name":"wp","href":"https:\/\/api.w.org\/{rel}","templated":true}]}}