{"id":424,"date":"2022-11-11T12:49:27","date_gmt":"2022-11-11T12:49:27","guid":{"rendered":"https:\/\/papajfoodtruck.pl\/?page_id=424"},"modified":"2022-11-11T13:02:57","modified_gmt":"2022-11-11T13:02:57","slug":"polityka-prywatnosci","status":"publish","type":"page","link":"https:\/\/papajfoodtruck.pl\/?page_id=424","title":{"rendered":"Polityka Prywatno\u015bci"},"content":{"rendered":"\n\t<section class=\"section\" id=\"section_1173258188\">\n\t\t<div class=\"section-bg fill\" >\n\t\t\t<img loading=\"lazy\" decoding=\"async\" width=\"2133\" height=\"1600\" src=\"https:\/\/papajfoodtruck.pl\/wp-content\/uploads\/2022\/11\/9475673_RetailParkMieszka_Hero_4x3.jpg\" class=\"bg attachment- size-\" alt=\"\" \/>\t\t\t\t\t\t<div class=\"section-bg-overlay absolute fill\"><\/div>\n\t\t\t\n\n\t\t<\/div>\n\n\t\t\n\n\t\t<div class=\"section-content relative\">\n\t\t\t\n\t\t<\/div>\n\n\t\t\n<style>\n#section_1173258188 {\n  padding-top: 50px;\n  padding-bottom: 50px;\n}\n#section_1173258188 .section-bg-overlay {\n  background-color: rgba(0, 0, 0, 0.657);\n}\n#section_1173258188 .section-bg img {\n  object-position: 47% 46%;\n}\n<\/style>\n\t<\/section>\n\t\n<div class=\"row\"  id=\"row-1162411858\">\n\n\t<div id=\"col-888823919\" class=\"col medium-11 small-12 large-11\"  >\n\t\t\t\t<div class=\"col-inner\"  >\n\t\t\t\n\t\t\t\n<h1 class=\"p3\"><span class=\"s1\">Polityka prywatno\u015bci serwisu <a href=\"https:\/\/papajfoodtruck.pl\">www.papajfoodtruck.pl<\/a><\/span><\/h1>\n<ol class=\"ol1\">\n<li class=\"li3\">\n<h3><span class=\"s1\">Informacje og\u00f3lne <\/span><\/h3>\n<\/li>\n<\/ol>\n<p class=\"p3\"><span class=\"s1\">Niniejsza Polityka Prywatno\u015bci okre\u015bla zasady przetwarzania i ochrony danych osobowych przekazanych przez U\u017cytkownik\u00f3w w zwi\u0105zku z korzystaniem przez nich us\u0142ug w sklepie internetowym poprzez Serwis. <\/span><\/p>\n<p class=\"p3\"><span class=\"s1\">2. Administratorem danych osobowych zawartych w serwisie jest <\/span><\/p>\n<p class=\"p3\">Papaj Food Truck Piotr Ereci\u0144ski,\u00a0<span class=\"company-label\" style=\"color: #333333;\">NIP\u00a0<\/span><span class=\"pre-mobile:text-xs-small-line\" style=\"color: #333333;\">9551423296<\/span><\/p>\n<p class=\"p3\"><span class=\"s1\">3. W trosce o bezpiecze\u0144stwo powierzonych nam danych opracowali\u015bmy wewn\u0119trzne procedury i zalecenia, kt\u00f3re maj\u0105 zapobiec udost\u0119pnieniu danych osobom nieupowa\u017cnionym. Kontrolujemy ich wykonywanie i stale sprawdzamy ich zgodno\u015b\u0107 z odpowiednimi aktami prawnymi \u2013 ustaw\u0105 o ochronie danych osobowych, ustaw\u0105 o \u015bwiadczeniu us\u0142ug drog\u0105 elektroniczn\u0105, a tak\u017ce wszelkiego rodzaju aktach wykonawczych i aktach prawa wsp\u00f3lnotowego. <\/span><\/p>\n<p class=\"p3\"><span class=\"s1\">4. Dane Osobowe przetwarzane s\u0105 na podstawie zgody wyra\u017canej przez U\u017cytkownika oraz w przypadkach, w kt\u00f3rych przepisy prawa upowa\u017cniaj\u0105 Administratora do przetwarzania danych osobowych na podstawie przepis\u00f3w prawa lub w celu realizacji zawartej pomi\u0119dzy stronami umowy.<\/span><\/p>\n<p class=\"p3\"><span class=\"s1\">5. Serwis realizuje funkcje pozyskiwania informacji o u\u017cytkownikach i ich zachowaniach w nast\u0119puj\u0105cy spos\u00f3b: <\/span><\/p>\n<ol class=\"ol2\">\n<li class=\"li3\"><span class=\"s1\">poprzez dobrowolnie wprowadzone w formularzach informacje<\/span><\/li>\n<li class=\"li3\"><span class=\"s1\">poprzez gromadzenie plik\u00f3w \u201ccookies\u201d [patrz polityka plik\u00f3w \u201ccookies\u201d]. <\/span><\/li>\n<\/ol>\n<p class=\"p3\"><span class=\"s1\">6. Serwis zbiera informacje dobrowolnie podane przez u\u017cytkownika. <\/span><\/p>\n<p class=\"p3\"><span class=\"s1\">7. dane podane w formularzu s\u0105 przetwarzane w celu wynikaj\u0105cym z funkcji konkretnego formularza np. w celu dokonania procesu obs\u0142ugi kontaktu informacyjnego<\/span><\/p>\n<p class=\"p3\"><span class=\"s1\">8. Dane osobowe pozostawione w serwisie nie zostan\u0105 sprzedane ani udost\u0119pnione osobom trzecim, zgodnie z przepisami Ustawy o ochronie danych osobowych. <\/span><\/p>\n<p class=\"p3\"><span class=\"s1\">9. Do danych zawartych w formularzu przys\u0142uguje wgl\u0105d osobie fizycznej, kt\u00f3ra je tam umie\u015bci\u0142a. Osoba ta ma r\u00f3wnie\u017c praw do modyfikacji i zaprzestania przetwarzania swoich danych w dowolnym momencie. <\/span><\/p>\n<p class=\"p3\"><span class=\"s1\">10. Zastrzegamy sobie prawo do zmiany w polityce ochrony prywatno\u015bci serwisu, na kt\u00f3re mo\u017ce wp\u0142yn\u0105\u0107 rozw\u00f3j technologii internetowej, ewentualne zmiany prawa w zakresie ochrony danych osobowych oraz rozw\u00f3j naszego serwisu internetowego. O wszelkich zmianach b\u0119dziemy informowa\u0107 w spos\u00f3b widoczny i zrozumia\u0142y.<\/span><\/p>\n<p class=\"p3\"><span class=\"s1\">11. W Serwisie mog\u0105 pojawia\u0107 si\u0119 linki do innych stron internetowych. Takie strony internetowe dzia\u0142aj\u0105 niezale\u017cnie od Serwisu i nie s\u0105 w \u017caden spos\u00f3b nadzorowane przez serwis <\/span><span class=\"s1\"><a href=\"https:\/\/papajfoodtruck.pl\">www.papajfoodtruck.pl<\/a><\/span><span class=\"s1\">. Strony te mog\u0105 posiada\u0107 w\u0142asne polityki dotycz\u0105ce prywatno\u015bci oraz regulaminy, z kt\u00f3rymi zalecamy si\u0119 zapozna\u0107.<\/span><\/p>\n\t\t<\/div>\n\t\t\t\t\t<\/div>\n\n\t\n<\/div>\n\n\t<section class=\"section\" id=\"section_44438175\">\n\t\t<div class=\"section-bg fill\" >\n\t\t\t<img loading=\"lazy\" decoding=\"async\" width=\"2000\" height=\"1000\" src=\"https:\/\/papajfoodtruck.pl\/wp-content\/uploads\/2022\/11\/Projekt-bez-tytulu-kopia.png\" class=\"bg attachment- size-\" alt=\"\" \/>\t\t\t\t\t\t\n\t\t\t\n\n\t\t<\/div>\n\n\t\t\n\n\t\t<div class=\"section-content relative\">\n\t\t\t\n<div class=\"row row-collapse align-center\"  id=\"row-749614553\">\n\n\t<div id=\"col-47343363\" class=\"col medium-11 small-11 large-10\"  >\n\t\t\t\t<div class=\"col-inner box-shadow-2\" style=\"background-color:rgb(255,255,255);\" >\n\t\t\t\n\t\t\t\n<div class=\"row row-collapse row-solid\"  id=\"row-1394429908\">\n\n\t<div id=\"col-559862642\" class=\"col custom-footer-cta-border-right medium-12 small-12 large-6\"  >\n\t\t\t\t<div class=\"col-inner text-center\"  >\n\t\t\t\n\t\t\t\n\t<div id=\"text-3638675438\" class=\"text\">\n\t\t\n<h3>SKONTAKTUJ SI\u0118<\/h3>\n<p>Napisz do nas wiadomo\u015b\u0107 albo zadzwo\u0144!<\/p>\n\t\t\n<style>\n#text-3638675438 {\n  text-align: center;\n}\n<\/style>\n\t<\/div>\n\t\n<a class=\"button secondary\" >\n\t\t<span>NAPISZ<\/span>\n\t<i class=\"icon-envelop\" aria-hidden=\"true\"><\/i><\/a>\n\n<a class=\"button secondary is-outline\" >\n\t\t<span>ZADZWO\u0143<\/span>\n\t<i class=\"icon-phone\" aria-hidden=\"true\"><\/i><\/a>\n\n\t\t<\/div>\n\t\t\t\t\n<style>\n#col-559862642 > .col-inner {\n  padding: 40px 40px 40px 40px;\n}\n<\/style>\n\t<\/div>\n\n\t\n\n\t<div id=\"col-400276681\" class=\"col medium-12 small-12 large-6\"  >\n\t\t\t\t<div class=\"col-inner text-center\"  >\n\t\t\t\n\t\t\t\n\t<div id=\"text-3138692082\" class=\"text\">\n\t\t\n<h3>NASZE SOCIAL MEDIA<\/h3>\n\t\t\n<style>\n#text-3138692082 {\n  text-align: center;\n}\n<\/style>\n\t<\/div>\n\t\n<div class=\"social-icons follow-icons full-width text-center\" style=\"font-size:117%\"><a href=\"https:\/\/www.facebook.com\/papajfoodtruck\" target=\"_blank\" data-label=\"Facebook\" class=\"icon button circle is-outline tooltip facebook\" title=\"\u015aled\u017a na Facebooku\" aria-label=\"\u015aled\u017a na Facebooku\" rel=\"noopener nofollow\"><i class=\"icon-facebook\" aria-hidden=\"true\"><\/i><\/a><a href=\"https:\/\/www.instagram.com\/papajfoodtruck\/\" target=\"_blank\" data-label=\"Instagram\" class=\"icon button circle is-outline tooltip instagram\" title=\"Obserwuj na Instagramie\" aria-label=\"Obserwuj na Instagramie\" rel=\"noopener nofollow\"><i class=\"icon-instagram\" aria-hidden=\"true\"><\/i><\/a><\/div>\n<p>Obserwuj nas i b\u0105d\u017a na bie\u017c\u0105co!<\/p>\n\t\t<\/div>\n\t\t\t\t\n<style>\n#col-400276681 > .col-inner {\n  padding: 40px 40px 40px 40px;\n}\n<\/style>\n\t<\/div>\n\n\t\n<\/div>\n\t\t<\/div>\n\t\t\t\t\n<style>\n#col-47343363 > .col-inner {\n  margin: -60px 0px 0px 0px;\n}\n<\/style>\n\t<\/div>\n\n\t\n<\/div>\n\t\t<\/div>\n\n\t\t\n<style>\n#section_44438175 {\n  padding-top: 30px;\n  padding-bottom: 30px;\n}\n<\/style>\n\t<\/section>\n\t\n","protected":false},"excerpt":{"rendered":"","protected":false},"author":3,"featured_media":0,"parent":0,"menu_order":0,"comment_status":"closed","ping_status":"closed","template":"page-transparent-header-light.php","meta":{"footnotes":""},"class_list":["post-424","page","type-page","status-publish","hentry"],"_links":{"self":[{"href":"https:\/\/papajfoodtruck.pl\/index.php?rest_route=\/wp\/v2\/pages\/424","targetHints":{"allow":["GET"]}}],"collection":[{"href":"https:\/\/papajfoodtruck.pl\/index.php?rest_route=\/wp\/v2\/pages"}],"about":[{"href":"https:\/\/papajfoodtruck.pl\/index.php?rest_route=\/wp\/v2\/types\/page"}],"author":[{"embeddable":true,"href":"https:\/\/papajfoodtruck.pl\/index.php?rest_route=\/wp\/v2\/users\/3"}],"replies":[{"embeddable":true,"href":"https:\/\/papajfoodtruck.pl\/index.php?rest_route=%2Fwp%2Fv2%2Fcomments&post=424"}],"version-history":[{"count":5,"href":"https:\/\/papajfoodtruck.pl\/index.php?rest_route=\/wp\/v2\/pages\/424\/revisions"}],"predecessor-version":[{"id":439,"href":"https:\/\/papajfoodtruck.pl\/index.php?rest_route=\/wp\/v2\/pages\/424\/revisions\/439"}],"wp:attachment":[{"href":"https:\/\/papajfoodtruck.pl\/index.php?rest_route=%2Fwp%2Fv2%2Fmedia&parent=424"}],"curies":[{"name":"wp","href":"https:\/\/api.w.org\/{rel}","templated":true}]}}